{"id":8,"date":"2020-11-20T10:57:26","date_gmt":"2020-11-20T10:57:26","guid":{"rendered":"https:\/\/ayudasbicielectrica.com\/?page_id=8"},"modified":"2020-11-20T11:06:21","modified_gmt":"2020-11-20T11:06:21","slug":"ayudas-para-bicicletas-electricas","status":"publish","type":"page","link":"https:\/\/ayudasbicielectrica.com\/","title":{"rendered":"Ayudas para bicicletas el\u00e9ctricas"},"content":{"rendered":"\n<p>Ahora s\u00ed que s\u00ed, el gran boom de la bicicleta est\u00e1 aqu\u00ed. Hace a\u00f1os que ven\u00edamos oyendo que la bicicleta era la \u00fanica alternativa viable para solucionar los problemas de movilidad urbana y contaminaci\u00f3n en las ciudades, pero hasta ahora no se hab\u00edan introducido los cambios necesarios para que la bicicleta y las bicicletas el\u00e9ctricas tomaran el mando en las ciudades.<\/p>\n\n\n\n<figure class=\"wp-block-image alignwide size-large\"><img loading=\"lazy\" width=\"650\" height=\"402\" src=\"https:\/\/ayudasbicielectrica.com\/wp-content\/uploads\/2020\/11\/ayuda-para-bici-electrica-orbea-katu.jpg\" alt=\"\" class=\"wp-image-12\" srcset=\"https:\/\/ayudasbicielectrica.com\/wp-content\/uploads\/2020\/11\/ayuda-para-bici-electrica-orbea-katu.jpg 650w, https:\/\/ayudasbicielectrica.com\/wp-content\/uploads\/2020\/11\/ayuda-para-bici-electrica-orbea-katu-300x186.jpg 300w\" sizes=\"(max-width: 650px) 100vw, 650px\" \/><\/figure>\n\n\n\n<h2>Las ayudas para bicicletas el\u00e9ctricas lo cambian todo<\/h2>\n\n\n\n<p><\/p>\n","protected":false},"excerpt":{"rendered":"<p>Ahora s\u00ed que s\u00ed, el gran boom de la bicicleta est\u00e1 aqu\u00ed. Hace a\u00f1os que ven\u00edamos oyendo que la bicicleta era la \u00fanica alternativa viable para solucionar los problemas de movilidad urbana y contaminaci\u00f3n en las ciudades, pero hasta ahora no se hab\u00edan introducido los cambios necesarios para que la bicicleta y las bicicletas el\u00e9ctricas &#8230; <a title=\"Ayudas para bicicletas el\u00e9ctricas\" class=\"read-more\" href=\"https:\/\/ayudasbicielectrica.com\/\" aria-label=\"M\u00e1s en Ayudas para bicicletas el\u00e9ctricas\">Leer m\u00e1s<\/a><\/p>\n","protected":false},"author":1,"featured_media":0,"parent":0,"menu_order":0,"comment_status":"closed","ping_status":"closed","template":"","meta":[],"_links":{"self":[{"href":"https:\/\/ayudasbicielectrica.com\/index.php\/wp-json\/wp\/v2\/pages\/8"}],"collection":[{"href":"https:\/\/ayudasbicielectrica.com\/index.php\/wp-json\/wp\/v2\/pages"}],"about":[{"href":"https:\/\/ayudasbicielectrica.com\/index.php\/wp-json\/wp\/v2\/types\/page"}],"author":[{"embeddable":true,"href":"https:\/\/ayudasbicielectrica.com\/index.php\/wp-json\/wp\/v2\/users\/1"}],"replies":[{"embeddable":true,"href":"https:\/\/ayudasbicielectrica.com\/index.php\/wp-json\/wp\/v2\/comments?post=8"}],"version-history":[{"count":2,"href":"https:\/\/ayudasbicielectrica.com\/index.php\/wp-json\/wp\/v2\/pages\/8\/revisions"}],"predecessor-version":[{"id":13,"href":"https:\/\/ayudasbicielectrica.com\/index.php\/wp-json\/wp\/v2\/pages\/8\/revisions\/13"}],"wp:attachment":[{"href":"https:\/\/ayudasbicielectrica.com\/index.php\/wp-json\/wp\/v2\/media?parent=8"}],"curies":[{"name":"wp","href":"https:\/\/api.w.org\/{rel}","templated":true}]}}